{"id":2108,"date":"2023-01-15T18:05:42","date_gmt":"2023-01-15T17:05:42","guid":{"rendered":"https:\/\/trametsch.bz\/il-trametsch\/"},"modified":"2023-03-22T21:37:06","modified_gmt":"2023-03-22T20:37:06","slug":"il-trametsch","status":"publish","type":"page","link":"https:\/\/trametsch.bz\/it\/il-trametsch\/","title":{"rendered":"Il Trametsch"},"content":{"rendered":"\t\t<div data-elementor-type=\"wp-page\" data-elementor-id=\"2108\" class=\"elementor elementor-2108 elementor-149\" data-elementor-post-type=\"page\">\n\t\t\t\t\t\t<section class=\"elementor-section elementor-top-section elementor-element elementor-element-a29c28f elementor-section-height-min-height elementor-section-boxed elementor-section-height-default elementor-section-items-middle\" data-id=\"a29c28f\" data-element_type=\"section\" data-e-type=\"section\" data-settings=\"{&quot;background_background&quot;:&quot;classic&quot;}\">\n\t\t\t\t\t\t\t<div class=\"elementor-background-overlay\"><\/div>\n\t\t\t\t\t\t\t<div class=\"elementor-container elementor-column-gap-default\">\n\t\t\t\t\t<div class=\"elementor-column elementor-col-50 elementor-top-column elementor-element elementor-element-e7efdf1\" data-id=\"e7efdf1\" data-element_type=\"column\" data-e-type=\"column\">\n\t\t\t<div class=\"elementor-widget-wrap elementor-element-populated\">\n\t\t\t\t\t\t<div class=\"elementor-element elementor-element-17c5ebb elementor-widget elementor-widget-heading\" data-id=\"17c5ebb\" data-element_type=\"widget\" data-e-type=\"widget\" data-widget_type=\"heading.default\">\n\t\t\t\t<div class=\"elementor-widget-container\">\n\t\t\t\t\t<h1 class=\"elementor-heading-title elementor-size-default\"><span style=\"font-size: 1rem;font-weight: 400\">Il Trametsch<\/span><br>Das vielseitige Restaurant mit Biergarten in Brixen<\/h1>\t\t\t\t<\/div>\n\t\t\t\t<\/div>\n\t\t\t\t<div class=\"elementor-element elementor-element-21b8274 elementor-widget elementor-widget-breadcrumbs\" data-id=\"21b8274\" data-element_type=\"widget\" data-e-type=\"widget\" data-widget_type=\"breadcrumbs.default\">\n\t\t\t\t<div class=\"elementor-widget-container\">\n\t\t\t\t\t<p id=\"breadcrumbs\"><span><span><a href=\"https:\/\/trametsch.bz\/it\/\">Startseite<\/a><\/span><\/span><\/p>\t\t\t\t<\/div>\n\t\t\t\t<\/div>\n\t\t\t\t\t<\/div>\n\t\t<\/div>\n\t\t\t\t<div class=\"elementor-column elementor-col-50 elementor-top-column elementor-element elementor-element-66c0d29\" data-id=\"66c0d29\" data-element_type=\"column\" data-e-type=\"column\">\n\t\t\t<div class=\"elementor-widget-wrap\">\n\t\t\t\t\t\t\t<\/div>\n\t\t<\/div>\n\t\t\t\t\t<\/div>\n\t\t<\/section>\n\t\t\t\t<section class=\"elementor-section elementor-top-section elementor-element elementor-element-5b94001 elementor-section-boxed elementor-section-height-default elementor-section-height-default\" data-id=\"5b94001\" data-element_type=\"section\" data-e-type=\"section\" data-settings=\"{&quot;background_background&quot;:&quot;classic&quot;}\">\n\t\t\t\t\t\t<div class=\"elementor-container elementor-column-gap-default\">\n\t\t\t\t\t<div class=\"elementor-column elementor-col-50 elementor-top-column elementor-element elementor-element-3a6a5ca\" data-id=\"3a6a5ca\" data-element_type=\"column\" data-e-type=\"column\">\n\t\t\t<div class=\"elementor-widget-wrap elementor-element-populated\">\n\t\t\t\t\t\t<div class=\"elementor-element elementor-element-76aeb55 elementor-widget elementor-widget-heading\" data-id=\"76aeb55\" data-element_type=\"widget\" data-e-type=\"widget\" data-widget_type=\"heading.default\">\n\t\t\t\t<div class=\"elementor-widget-container\">\n\t\t\t\t\t<h2 class=\"elementor-heading-title elementor-size-default\">Il luogo per te, per gli amici e per tutta la famiglia<\/h2>\t\t\t\t<\/div>\n\t\t\t\t<\/div>\n\t\t\t\t<div class=\"elementor-element elementor-element-814d0eb elementor-widget elementor-widget-text-editor\" data-id=\"814d0eb\" data-element_type=\"widget\" data-e-type=\"widget\" data-widget_type=\"text-editor.default\">\n\t\t\t\t<div class=\"elementor-widget-container\">\n\t\t\t\t\t\t\t\t\t<p>Il nostro giardino d&#8217;inverno, la &#8220;St\u00fcbele&#8221;, la Kellerstube, la terrazza e il pezzo forte delle stagioni calde, ovvero la nostra birreria all&#8217;aperto, offrono spazio a sufficienza per gli amici e la famiglia allargata! Ma naturalmente potete anche godervi una serata romantica in coppia. Se state organizzando una festa di gruppo privata, una festa aziendale o una festa di famiglia, saremo lieti di riservarvi lo spazio necessario e desiderato!<\/p>\n<p>Oh s\u00ec, e anche i cani sono ammessi da noi!<\/p>\n\t\t\t\t\t\t\t\t<\/div>\n\t\t\t\t<\/div>\n\t\t\t\t\t<\/div>\n\t\t<\/div>\n\t\t\t\t<div class=\"elementor-column elementor-col-50 elementor-top-column elementor-element elementor-element-23cbcc8\" data-id=\"23cbcc8\" data-element_type=\"column\" data-e-type=\"column\">\n\t\t\t<div class=\"elementor-widget-wrap elementor-element-populated\">\n\t\t\t\t\t\t<div class=\"elementor-element elementor-element-1abe797 elementor-widget elementor-widget-image\" data-id=\"1abe797\" data-element_type=\"widget\" data-e-type=\"widget\" data-widget_type=\"image.default\">\n\t\t\t\t<div class=\"elementor-widget-container\">\n\t\t\t\t\t\t\t\t\t\t\t\t\t\t\t<img fetchpriority=\"high\" decoding=\"async\" width=\"800\" height=\"534\" src=\"https:\/\/trametsch.bz\/wp-content\/uploads\/2023\/03\/trametsch-biergarten_Helmut-Moling.jpg\" class=\"attachment-large size-large wp-image-2044\" alt=\"\" srcset=\"https:\/\/trametsch.bz\/wp-content\/uploads\/2023\/03\/trametsch-biergarten_Helmut-Moling.jpg 1000w, https:\/\/trametsch.bz\/wp-content\/uploads\/2023\/03\/trametsch-biergarten_Helmut-Moling-300x200.jpg 300w, https:\/\/trametsch.bz\/wp-content\/uploads\/2023\/03\/trametsch-biergarten_Helmut-Moling-768x512.jpg 768w\" sizes=\"(max-width: 800px) 100vw, 800px\" \/>\t\t\t\t\t\t\t\t\t\t\t\t\t\t\t<\/div>\n\t\t\t\t<\/div>\n\t\t\t\t<div class=\"elementor-element elementor-element-f56dd99 elementor-widget elementor-widget-image\" data-id=\"f56dd99\" data-element_type=\"widget\" data-e-type=\"widget\" data-widget_type=\"image.default\">\n\t\t\t\t<div class=\"elementor-widget-container\">\n\t\t\t\t\t\t\t\t\t\t\t\t\t\t\t<img decoding=\"async\" width=\"800\" height=\"468\" src=\"https:\/\/trametsch.bz\/wp-content\/uploads\/2023\/03\/trametsch-keller.jpg\" class=\"attachment-large size-large wp-image-2047\" alt=\"\" srcset=\"https:\/\/trametsch.bz\/wp-content\/uploads\/2023\/03\/trametsch-keller.jpg 1000w, https:\/\/trametsch.bz\/wp-content\/uploads\/2023\/03\/trametsch-keller-300x176.jpg 300w, https:\/\/trametsch.bz\/wp-content\/uploads\/2023\/03\/trametsch-keller-768x449.jpg 768w\" sizes=\"(max-width: 800px) 100vw, 800px\" \/>\t\t\t\t\t\t\t\t\t\t\t\t\t\t\t<\/div>\n\t\t\t\t<\/div>\n\t\t\t\t<div class=\"elementor-element elementor-element-210707f elementor-widget elementor-widget-image\" data-id=\"210707f\" data-element_type=\"widget\" data-e-type=\"widget\" data-widget_type=\"image.default\">\n\t\t\t\t<div class=\"elementor-widget-container\">\n\t\t\t\t\t\t\t\t\t\t\t\t\t\t\t<img decoding=\"async\" width=\"800\" height=\"523\" src=\"https:\/\/trametsch.bz\/wp-content\/uploads\/2023\/03\/\u00a9rotwild-0504.jpg\" class=\"attachment-large size-large wp-image-2078\" alt=\"\" srcset=\"https:\/\/trametsch.bz\/wp-content\/uploads\/2023\/03\/\u00a9rotwild-0504.jpg 1000w, https:\/\/trametsch.bz\/wp-content\/uploads\/2023\/03\/\u00a9rotwild-0504-300x196.jpg 300w, https:\/\/trametsch.bz\/wp-content\/uploads\/2023\/03\/\u00a9rotwild-0504-768x502.jpg 768w\" sizes=\"(max-width: 800px) 100vw, 800px\" \/>\t\t\t\t\t\t\t\t\t\t\t\t\t\t\t<\/div>\n\t\t\t\t<\/div>\n\t\t\t\t\t<\/div>\n\t\t<\/div>\n\t\t\t\t\t<\/div>\n\t\t<\/section>\n\t\t\t\t<section class=\"elementor-section elementor-top-section elementor-element elementor-element-aef8469 elementor-reverse-tablet elementor-reverse-mobile elementor-section-boxed elementor-section-height-default elementor-section-height-default\" data-id=\"aef8469\" data-element_type=\"section\" data-e-type=\"section\" data-settings=\"{&quot;background_background&quot;:&quot;classic&quot;}\">\n\t\t\t\t\t\t<div class=\"elementor-container elementor-column-gap-default\">\n\t\t\t\t\t<div class=\"elementor-column elementor-col-50 elementor-top-column elementor-element elementor-element-c26ae85\" data-id=\"c26ae85\" data-element_type=\"column\" data-e-type=\"column\">\n\t\t\t<div class=\"elementor-widget-wrap elementor-element-populated\">\n\t\t\t\t\t\t<div class=\"elementor-element elementor-element-9e2393e elementor-widget elementor-widget-image\" data-id=\"9e2393e\" data-element_type=\"widget\" data-e-type=\"widget\" data-widget_type=\"image.default\">\n\t\t\t\t<div class=\"elementor-widget-container\">\n\t\t\t\t\t\t\t\t\t\t\t\t\t\t\t<img loading=\"lazy\" decoding=\"async\" width=\"800\" height=\"540\" src=\"https:\/\/trametsch.bz\/wp-content\/uploads\/2023\/01\/Trametsch.jpg\" class=\"attachment-large size-large wp-image-1380\" alt=\"\" srcset=\"https:\/\/trametsch.bz\/wp-content\/uploads\/2023\/01\/Trametsch.jpg 1000w, https:\/\/trametsch.bz\/wp-content\/uploads\/2023\/01\/Trametsch-300x203.jpg 300w, https:\/\/trametsch.bz\/wp-content\/uploads\/2023\/01\/Trametsch-768x518.jpg 768w\" sizes=\"(max-width: 800px) 100vw, 800px\" \/>\t\t\t\t\t\t\t\t\t\t\t\t\t\t\t<\/div>\n\t\t\t\t<\/div>\n\t\t\t\t\t<\/div>\n\t\t<\/div>\n\t\t\t\t<div class=\"elementor-column elementor-col-50 elementor-top-column elementor-element elementor-element-1acf048\" data-id=\"1acf048\" data-element_type=\"column\" data-e-type=\"column\">\n\t\t\t<div class=\"elementor-widget-wrap elementor-element-populated\">\n\t\t\t\t\t\t<div class=\"elementor-element elementor-element-e9e2e95 elementor-widget elementor-widget-heading\" data-id=\"e9e2e95\" data-element_type=\"widget\" data-e-type=\"widget\" data-widget_type=\"heading.default\">\n\t\t\t\t<div class=\"elementor-widget-container\">\n\t\t\t\t\t<h2 class=\"elementor-heading-title elementor-size-default\">La storia<\/h2>\t\t\t\t<\/div>\n\t\t\t\t<\/div>\n\t\t\t\t<div class=\"elementor-element elementor-element-626e69c elementor-widget elementor-widget-text-editor\" data-id=\"626e69c\" data-element_type=\"widget\" data-e-type=\"widget\" data-widget_type=\"text-editor.default\">\n\t\t\t\t<div class=\"elementor-widget-container\">\n\t\t\t\t\t\t\t\t\t<p>Il Trametsch non \u00e8 sempre stato un ristorante, una pizzeria e una steakhouse. La nostra attivit\u00e0 \u00e8 nata come enoteca e stazione di spuntini con una propria stalla di capre. Nel corso degli anni, &#8220;Chef&#8221; Sepp e &#8220;Chefin&#8221; Hedi hanno sviluppato e ampliato il Trametsch con grande attenzione ai dettagli e alla gastronomia. Di conseguenza, e non da ultimo per la sua posizione nel cuore di Milland, ai piedi della Plose, questo locale \u00e8 diventato il luogo di incontro popolare per giovani e meno giovani che \u00e8 oggi.<\/p>\n\t\t\t\t\t\t\t\t<\/div>\n\t\t\t\t<\/div>\n\t\t\t\t\t<\/div>\n\t\t<\/div>\n\t\t\t\t\t<\/div>\n\t\t<\/section>\n\t\t\t\t<section class=\"elementor-section elementor-top-section elementor-element elementor-element-e91c835 elementor-section-height-min-height elementor-section-boxed elementor-section-height-default elementor-section-items-middle\" data-id=\"e91c835\" data-element_type=\"section\" data-e-type=\"section\" data-settings=\"{&quot;background_background&quot;:&quot;classic&quot;}\">\n\t\t\t\t\t\t\t<div class=\"elementor-background-overlay\"><\/div>\n\t\t\t\t\t\t\t<div class=\"elementor-container elementor-column-gap-default\">\n\t\t\t\t\t<div class=\"elementor-column elementor-col-50 elementor-top-column elementor-element elementor-element-87d7976\" data-id=\"87d7976\" data-element_type=\"column\" data-e-type=\"column\">\n\t\t\t<div class=\"elementor-widget-wrap elementor-element-populated\">\n\t\t\t\t\t\t<div class=\"elementor-element elementor-element-34127f4 elementor-widget elementor-widget-heading\" data-id=\"34127f4\" data-element_type=\"widget\" data-e-type=\"widget\" data-widget_type=\"heading.default\">\n\t\t\t\t<div class=\"elementor-widget-container\">\n\t\t\t\t\t<h2 class=\"elementor-heading-title elementor-size-default\">Il nostro team<\/h2>\t\t\t\t<\/div>\n\t\t\t\t<\/div>\n\t\t\t\t<div class=\"elementor-element elementor-element-ef21f1e elementor-widget elementor-widget-text-editor\" data-id=\"ef21f1e\" data-element_type=\"widget\" data-e-type=\"widget\" data-widget_type=\"text-editor.default\">\n\t\t\t\t<div class=\"elementor-widget-container\">\n\t\t\t\t\t\t\t\t\t<p>Siamo <strong>giovani, creativi<\/strong> e <strong>costantemente a caccia di nuove idee.<\/strong> Che si tratti di Philipp, Lukki e la sua squadra di cucina, Verena e il suo team di servizio o Toni, probabilmente il pizzaiolo pi\u00f9 simpatico del mondo, tutti non lasciano nulla di intentato per rendere la vostra visita un&#8217;esperienza indimenticabile.<\/p>\n\t\t\t\t\t\t\t\t<\/div>\n\t\t\t\t<\/div>\n\t\t\t\t\t<\/div>\n\t\t<\/div>\n\t\t\t\t<div class=\"elementor-column elementor-col-50 elementor-top-column elementor-element elementor-element-300963d\" data-id=\"300963d\" data-element_type=\"column\" data-e-type=\"column\">\n\t\t\t<div class=\"elementor-widget-wrap\">\n\t\t\t\t\t\t\t<\/div>\n\t\t<\/div>\n\t\t\t\t\t<\/div>\n\t\t<\/section>\n\t\t\t\t<section class=\"elementor-section elementor-top-section elementor-element elementor-element-c31e21b elementor-reverse-tablet elementor-reverse-mobile elementor-section-boxed elementor-section-height-default elementor-section-height-default\" data-id=\"c31e21b\" data-element_type=\"section\" data-e-type=\"section\" data-settings=\"{&quot;background_background&quot;:&quot;classic&quot;}\">\n\t\t\t\t\t\t<div class=\"elementor-container elementor-column-gap-default\">\n\t\t\t\t\t<div class=\"elementor-column elementor-col-50 elementor-top-column elementor-element elementor-element-b352046\" data-id=\"b352046\" data-element_type=\"column\" data-e-type=\"column\">\n\t\t\t<div class=\"elementor-widget-wrap elementor-element-populated\">\n\t\t\t\t\t\t<div class=\"elementor-element elementor-element-de6803c elementor-widget elementor-widget-text-editor\" data-id=\"de6803c\" data-element_type=\"widget\" data-e-type=\"widget\" data-widget_type=\"text-editor.default\">\n\t\t\t\t<div class=\"elementor-widget-container\">\n\t\t\t\t\t\t\t\t\t<div class=\"page\" title=\"Page 3\">\n<div class=\"section\">\n<div class=\"layoutArea\">\n<div class=\"column\">\n<p><strong>&#8220;Oltre ai buoni prodotti e all&#8217;ottimo cibo, lavorare ogni giorno con un team cos\u00ec affiatato \u00e8 molto divertente.<\/strong><\/p>\n<p><strong>Siamo semplicemente orgogliosi di essere riusciti a gestire un&#8217;attivit\u00e0 del genere per anni&#8221;.<\/strong><\/p>\n<p>&#8211; Philipp e Verena &#8211;<\/p>\n<\/div>\n<\/div>\n<\/div>\n<\/div>\n\t\t\t\t\t\t\t\t<\/div>\n\t\t\t\t<\/div>\n\t\t\t\t\t<\/div>\n\t\t<\/div>\n\t\t\t\t<div class=\"elementor-column elementor-col-50 elementor-top-column elementor-element elementor-element-0c35a69\" data-id=\"0c35a69\" data-element_type=\"column\" data-e-type=\"column\">\n\t\t\t<div class=\"elementor-widget-wrap elementor-element-populated\">\n\t\t\t\t\t\t<div class=\"elementor-element elementor-element-8ee85e8 elementor-widget elementor-widget-image\" data-id=\"8ee85e8\" data-element_type=\"widget\" data-e-type=\"widget\" data-widget_type=\"image.default\">\n\t\t\t\t<div class=\"elementor-widget-container\">\n\t\t\t\t\t\t\t\t\t\t\t\t\t\t\t<img loading=\"lazy\" decoding=\"async\" width=\"800\" height=\"566\" src=\"https:\/\/trametsch.bz\/wp-content\/uploads\/2023\/03\/Scan.jpg\" class=\"attachment-large size-large wp-image-2264\" alt=\"\" srcset=\"https:\/\/trametsch.bz\/wp-content\/uploads\/2023\/03\/Scan.jpg 964w, https:\/\/trametsch.bz\/wp-content\/uploads\/2023\/03\/Scan-300x212.jpg 300w, https:\/\/trametsch.bz\/wp-content\/uploads\/2023\/03\/Scan-768x543.jpg 768w\" sizes=\"(max-width: 800px) 100vw, 800px\" \/>\t\t\t\t\t\t\t\t\t\t\t\t\t\t\t<\/div>\n\t\t\t\t<\/div>\n\t\t\t\t\t<\/div>\n\t\t<\/div>\n\t\t\t\t\t<\/div>\n\t\t<\/section>\n\t\t\t\t<\/div>\n\t\t","protected":false},"excerpt":{"rendered":"<p>Il TrametschDas vielseitige Restaurant mit Biergarten in Brixen Il luogo per te, per gli amici e per tutta la famiglia Il nostro giardino d&#8217;inverno, la &#8220;St\u00fcbele&#8221;, la Kellerstube, la terrazza e il pezzo forte delle stagioni calde, ovvero la nostra birreria all&#8217;aperto, offrono spazio a sufficienza per gli amici e la famiglia allargata! Ma naturalmente [&hellip;]<\/p>\n","protected":false},"author":1,"featured_media":0,"parent":0,"menu_order":0,"comment_status":"closed","ping_status":"closed","template":"","meta":{"_acf_changed":false,"footnotes":""},"class_list":["post-2108","page","type-page","status-publish","hentry"],"acf":[],"yoast_head":"<!-- This site is optimized with the Yoast SEO plugin v27.2 - https:\/\/yoast.com\/product\/yoast-seo-wordpress\/ -->\n<title>Il Trametsch - Trametsch<\/title>\n<meta name=\"robots\" content=\"index, follow, max-snippet:-1, max-image-preview:large, max-video-preview:-1\" \/>\n<link rel=\"canonical\" href=\"https:\/\/trametsch.bz\/it\/il-trametsch\/\" \/>\n<meta property=\"og:locale\" content=\"it_IT\" \/>\n<meta property=\"og:type\" content=\"article\" \/>\n<meta property=\"og:title\" content=\"Il Trametsch - Trametsch\" \/>\n<meta property=\"og:description\" content=\"Il TrametschDas vielseitige Restaurant mit Biergarten in Brixen Il luogo per te, per gli amici e per tutta la famiglia Il nostro giardino d&#8217;inverno, la &#8220;St\u00fcbele&#8221;, la Kellerstube, la terrazza e il pezzo forte delle stagioni calde, ovvero la nostra birreria all&#8217;aperto, offrono spazio a sufficienza per gli amici e la famiglia allargata! Ma naturalmente [&hellip;]\" \/>\n<meta property=\"og:url\" content=\"https:\/\/trametsch.bz\/it\/il-trametsch\/\" \/>\n<meta property=\"og:site_name\" content=\"Trametsch\" \/>\n<meta property=\"article:publisher\" content=\"https:\/\/www.facebook.com\/trametsch\" \/>\n<meta property=\"article:modified_time\" content=\"2023-03-22T20:37:06+00:00\" \/>\n<meta property=\"og:image\" content=\"https:\/\/trametsch.bz\/wp-content\/uploads\/2023\/03\/trametsch-biergarten_Helmut-Moling.jpg\" \/>\n<meta name=\"twitter:card\" content=\"summary_large_image\" \/>\n<meta name=\"twitter:label1\" content=\"Tempo di lettura stimato\" \/>\n\t<meta name=\"twitter:data1\" content=\"1 minuto\" \/>\n<script type=\"application\/ld+json\" class=\"yoast-schema-graph\">{\"@context\":\"https:\/\/schema.org\",\"@graph\":[{\"@type\":\"WebPage\",\"@id\":\"https:\/\/trametsch.bz\/it\/il-trametsch\/\",\"url\":\"https:\/\/trametsch.bz\/it\/il-trametsch\/\",\"name\":\"Il Trametsch - Trametsch\",\"isPartOf\":{\"@id\":\"https:\/\/trametsch.bz\/it\/#website\"},\"primaryImageOfPage\":{\"@id\":\"https:\/\/trametsch.bz\/it\/il-trametsch\/#primaryimage\"},\"image\":{\"@id\":\"https:\/\/trametsch.bz\/it\/il-trametsch\/#primaryimage\"},\"thumbnailUrl\":\"https:\/\/trametsch.bz\/wp-content\/uploads\/2023\/03\/trametsch-biergarten_Helmut-Moling.jpg\",\"datePublished\":\"2023-01-15T17:05:42+00:00\",\"dateModified\":\"2023-03-22T20:37:06+00:00\",\"breadcrumb\":{\"@id\":\"https:\/\/trametsch.bz\/it\/il-trametsch\/#breadcrumb\"},\"inLanguage\":\"it-IT\",\"potentialAction\":[{\"@type\":\"ReadAction\",\"target\":[\"https:\/\/trametsch.bz\/it\/il-trametsch\/\"]}]},{\"@type\":\"ImageObject\",\"inLanguage\":\"it-IT\",\"@id\":\"https:\/\/trametsch.bz\/it\/il-trametsch\/#primaryimage\",\"url\":\"https:\/\/trametsch.bz\/wp-content\/uploads\/2023\/03\/trametsch-biergarten_Helmut-Moling.jpg\",\"contentUrl\":\"https:\/\/trametsch.bz\/wp-content\/uploads\/2023\/03\/trametsch-biergarten_Helmut-Moling.jpg\"},{\"@type\":\"BreadcrumbList\",\"@id\":\"https:\/\/trametsch.bz\/it\/il-trametsch\/#breadcrumb\",\"itemListElement\":[{\"@type\":\"ListItem\",\"position\":1,\"name\":\"Startseite\",\"item\":\"https:\/\/trametsch.bz\/it\/\"},{\"@type\":\"ListItem\",\"position\":2,\"name\":\"Il Trametsch\"}]},{\"@type\":\"WebSite\",\"@id\":\"https:\/\/trametsch.bz\/it\/#website\",\"url\":\"https:\/\/trametsch.bz\/it\/\",\"name\":\"Trametsch\",\"description\":\"\",\"publisher\":{\"@id\":\"https:\/\/trametsch.bz\/it\/#organization\"},\"potentialAction\":[{\"@type\":\"SearchAction\",\"target\":{\"@type\":\"EntryPoint\",\"urlTemplate\":\"https:\/\/trametsch.bz\/it\/?s={search_term_string}\"},\"query-input\":{\"@type\":\"PropertyValueSpecification\",\"valueRequired\":true,\"valueName\":\"search_term_string\"}}],\"inLanguage\":\"it-IT\"},{\"@type\":\"Organization\",\"@id\":\"https:\/\/trametsch.bz\/it\/#organization\",\"name\":\"Pizzeria Restaurant Trametsch\",\"alternateName\":\"Trametsch\",\"url\":\"https:\/\/trametsch.bz\/it\/\",\"logo\":{\"@type\":\"ImageObject\",\"inLanguage\":\"it-IT\",\"@id\":\"https:\/\/trametsch.bz\/it\/#\/schema\/logo\/image\/\",\"url\":\"https:\/\/trametsch.bz\/wp-content\/uploads\/2023\/01\/Trametsch-logo-white.svg\",\"contentUrl\":\"https:\/\/trametsch.bz\/wp-content\/uploads\/2023\/01\/Trametsch-logo-white.svg\",\"width\":255,\"height\":150,\"caption\":\"Pizzeria Restaurant Trametsch\"},\"image\":{\"@id\":\"https:\/\/trametsch.bz\/it\/#\/schema\/logo\/image\/\"},\"sameAs\":[\"https:\/\/www.facebook.com\/trametsch\",\"https:\/\/www.instagram.com\/pizzeria_trametsch\/\"]}]}<\/script>\n<!-- \/ Yoast SEO plugin. -->","yoast_head_json":{"title":"Il Trametsch - Trametsch","robots":{"index":"index","follow":"follow","max-snippet":"max-snippet:-1","max-image-preview":"max-image-preview:large","max-video-preview":"max-video-preview:-1"},"canonical":"https:\/\/trametsch.bz\/it\/il-trametsch\/","og_locale":"it_IT","og_type":"article","og_title":"Il Trametsch - Trametsch","og_description":"Il TrametschDas vielseitige Restaurant mit Biergarten in Brixen Il luogo per te, per gli amici e per tutta la famiglia Il nostro giardino d&#8217;inverno, la &#8220;St\u00fcbele&#8221;, la Kellerstube, la terrazza e il pezzo forte delle stagioni calde, ovvero la nostra birreria all&#8217;aperto, offrono spazio a sufficienza per gli amici e la famiglia allargata! Ma naturalmente [&hellip;]","og_url":"https:\/\/trametsch.bz\/it\/il-trametsch\/","og_site_name":"Trametsch","article_publisher":"https:\/\/www.facebook.com\/trametsch","article_modified_time":"2023-03-22T20:37:06+00:00","og_image":[{"url":"https:\/\/trametsch.bz\/wp-content\/uploads\/2023\/03\/trametsch-biergarten_Helmut-Moling.jpg","type":"","width":"","height":""}],"twitter_card":"summary_large_image","twitter_misc":{"Tempo di lettura stimato":"1 minuto"},"schema":{"@context":"https:\/\/schema.org","@graph":[{"@type":"WebPage","@id":"https:\/\/trametsch.bz\/it\/il-trametsch\/","url":"https:\/\/trametsch.bz\/it\/il-trametsch\/","name":"Il Trametsch - Trametsch","isPartOf":{"@id":"https:\/\/trametsch.bz\/it\/#website"},"primaryImageOfPage":{"@id":"https:\/\/trametsch.bz\/it\/il-trametsch\/#primaryimage"},"image":{"@id":"https:\/\/trametsch.bz\/it\/il-trametsch\/#primaryimage"},"thumbnailUrl":"https:\/\/trametsch.bz\/wp-content\/uploads\/2023\/03\/trametsch-biergarten_Helmut-Moling.jpg","datePublished":"2023-01-15T17:05:42+00:00","dateModified":"2023-03-22T20:37:06+00:00","breadcrumb":{"@id":"https:\/\/trametsch.bz\/it\/il-trametsch\/#breadcrumb"},"inLanguage":"it-IT","potentialAction":[{"@type":"ReadAction","target":["https:\/\/trametsch.bz\/it\/il-trametsch\/"]}]},{"@type":"ImageObject","inLanguage":"it-IT","@id":"https:\/\/trametsch.bz\/it\/il-trametsch\/#primaryimage","url":"https:\/\/trametsch.bz\/wp-content\/uploads\/2023\/03\/trametsch-biergarten_Helmut-Moling.jpg","contentUrl":"https:\/\/trametsch.bz\/wp-content\/uploads\/2023\/03\/trametsch-biergarten_Helmut-Moling.jpg"},{"@type":"BreadcrumbList","@id":"https:\/\/trametsch.bz\/it\/il-trametsch\/#breadcrumb","itemListElement":[{"@type":"ListItem","position":1,"name":"Startseite","item":"https:\/\/trametsch.bz\/it\/"},{"@type":"ListItem","position":2,"name":"Il Trametsch"}]},{"@type":"WebSite","@id":"https:\/\/trametsch.bz\/it\/#website","url":"https:\/\/trametsch.bz\/it\/","name":"Trametsch","description":"","publisher":{"@id":"https:\/\/trametsch.bz\/it\/#organization"},"potentialAction":[{"@type":"SearchAction","target":{"@type":"EntryPoint","urlTemplate":"https:\/\/trametsch.bz\/it\/?s={search_term_string}"},"query-input":{"@type":"PropertyValueSpecification","valueRequired":true,"valueName":"search_term_string"}}],"inLanguage":"it-IT"},{"@type":"Organization","@id":"https:\/\/trametsch.bz\/it\/#organization","name":"Pizzeria Restaurant Trametsch","alternateName":"Trametsch","url":"https:\/\/trametsch.bz\/it\/","logo":{"@type":"ImageObject","inLanguage":"it-IT","@id":"https:\/\/trametsch.bz\/it\/#\/schema\/logo\/image\/","url":"https:\/\/trametsch.bz\/wp-content\/uploads\/2023\/01\/Trametsch-logo-white.svg","contentUrl":"https:\/\/trametsch.bz\/wp-content\/uploads\/2023\/01\/Trametsch-logo-white.svg","width":255,"height":150,"caption":"Pizzeria Restaurant Trametsch"},"image":{"@id":"https:\/\/trametsch.bz\/it\/#\/schema\/logo\/image\/"},"sameAs":["https:\/\/www.facebook.com\/trametsch","https:\/\/www.instagram.com\/pizzeria_trametsch\/"]}]}},"_links":{"self":[{"href":"https:\/\/trametsch.bz\/it\/wp-json\/wp\/v2\/pages\/2108","targetHints":{"allow":["GET"]}}],"collection":[{"href":"https:\/\/trametsch.bz\/it\/wp-json\/wp\/v2\/pages"}],"about":[{"href":"https:\/\/trametsch.bz\/it\/wp-json\/wp\/v2\/types\/page"}],"author":[{"embeddable":true,"href":"https:\/\/trametsch.bz\/it\/wp-json\/wp\/v2\/users\/1"}],"replies":[{"embeddable":true,"href":"https:\/\/trametsch.bz\/it\/wp-json\/wp\/v2\/comments?post=2108"}],"version-history":[{"count":0,"href":"https:\/\/trametsch.bz\/it\/wp-json\/wp\/v2\/pages\/2108\/revisions"}],"wp:attachment":[{"href":"https:\/\/trametsch.bz\/it\/wp-json\/wp\/v2\/media?parent=2108"}],"curies":[{"name":"wp","href":"https:\/\/api.w.org\/{rel}","templated":true}]}}