{"id":1976,"date":"2023-01-19T18:09:35","date_gmt":"2023-01-19T17:09:35","guid":{"rendered":"https:\/\/trametsch.bz\/legal-notice\/"},"modified":"2026-04-01T18:34:33","modified_gmt":"2026-04-01T16:34:33","slug":"legal-notice","status":"publish","type":"page","link":"https:\/\/trametsch.bz\/en\/legal-notice\/","title":{"rendered":"Legal Notice"},"content":{"rendered":"\t\t<div data-elementor-type=\"wp-page\" data-elementor-id=\"1976\" class=\"elementor elementor-1976 elementor-804\" data-elementor-post-type=\"page\">\n\t\t\t\t\t\t<section class=\"elementor-section elementor-top-section elementor-element elementor-element-ec9c95c elementor-section-boxed elementor-section-height-default elementor-section-height-default\" data-id=\"ec9c95c\" data-element_type=\"section\" data-e-type=\"section\" data-settings=\"{&quot;background_background&quot;:&quot;classic&quot;}\">\n\t\t\t\t\t\t<div class=\"elementor-container elementor-column-gap-default\">\n\t\t\t\t\t<div class=\"elementor-column elementor-col-50 elementor-top-column elementor-element elementor-element-a1b6bef\" data-id=\"a1b6bef\" data-element_type=\"column\" data-e-type=\"column\">\n\t\t\t<div class=\"elementor-widget-wrap elementor-element-populated\">\n\t\t\t\t\t\t<div class=\"elementor-element elementor-element-424c201 elementor-widget elementor-widget-heading\" data-id=\"424c201\" data-element_type=\"widget\" data-e-type=\"widget\" data-widget_type=\"heading.default\">\n\t\t\t\t<div class=\"elementor-widget-container\">\n\t\t\t\t\t<h1 class=\"elementor-heading-title elementor-size-default\">Legal Notice<\/h1>\t\t\t\t<\/div>\n\t\t\t\t<\/div>\n\t\t\t\t<div class=\"elementor-element elementor-element-52458b6 elementor-align-right elementor-mobile-align-left elementor-tablet-align-left elementor-widget elementor-widget-breadcrumbs\" data-id=\"52458b6\" data-element_type=\"widget\" data-e-type=\"widget\" data-widget_type=\"breadcrumbs.default\">\n\t\t\t\t<div class=\"elementor-widget-container\">\n\t\t\t\t\t<p id=\"breadcrumbs\"><span><span><a href=\"https:\/\/trametsch.bz\/en\/\">Startseite<\/a><\/span><\/span><\/p>\t\t\t\t<\/div>\n\t\t\t\t<\/div>\n\t\t\t\t<div class=\"elementor-element elementor-element-5130408 elementor-hidden-desktop elementor-widget elementor-widget-image\" data-id=\"5130408\" data-element_type=\"widget\" data-e-type=\"widget\" data-widget_type=\"image.default\">\n\t\t\t\t<div class=\"elementor-widget-container\">\n\t\t\t\t\t\t\t\t\t\t\t\t\t\t\t<img fetchpriority=\"high\" decoding=\"async\" width=\"750\" height=\"500\" src=\"https:\/\/trametsch.bz\/wp-content\/uploads\/2023\/01\/\u00a9rotwild-3204.jpg\" class=\"attachment-large size-large wp-image-1363\" alt=\"\" srcset=\"https:\/\/trametsch.bz\/wp-content\/uploads\/2023\/01\/\u00a9rotwild-3204.jpg 750w, https:\/\/trametsch.bz\/wp-content\/uploads\/2023\/01\/\u00a9rotwild-3204-300x200.jpg 300w\" sizes=\"(max-width: 750px) 100vw, 750px\" \/>\t\t\t\t\t\t\t\t\t\t\t\t\t\t\t<\/div>\n\t\t\t\t<\/div>\n\t\t\t\t\t<\/div>\n\t\t<\/div>\n\t\t\t\t<div class=\"elementor-column elementor-col-50 elementor-top-column elementor-element elementor-element-c01f9ca elementor-hidden-tablet elementor-hidden-mobile\" data-id=\"c01f9ca\" data-element_type=\"column\" data-e-type=\"column\">\n\t\t\t<div class=\"elementor-widget-wrap elementor-element-populated\">\n\t\t\t\t\t\t<div class=\"elementor-element elementor-element-193d6e4 elementor-widget elementor-widget-image\" data-id=\"193d6e4\" data-element_type=\"widget\" data-e-type=\"widget\" data-widget_type=\"image.default\">\n\t\t\t\t<div class=\"elementor-widget-container\">\n\t\t\t\t\t\t\t\t\t\t\t\t\t\t\t<img fetchpriority=\"high\" decoding=\"async\" width=\"750\" height=\"500\" src=\"https:\/\/trametsch.bz\/wp-content\/uploads\/2023\/01\/\u00a9rotwild-3204.jpg\" class=\"attachment-large size-large wp-image-1363\" alt=\"\" srcset=\"https:\/\/trametsch.bz\/wp-content\/uploads\/2023\/01\/\u00a9rotwild-3204.jpg 750w, https:\/\/trametsch.bz\/wp-content\/uploads\/2023\/01\/\u00a9rotwild-3204-300x200.jpg 300w\" sizes=\"(max-width: 750px) 100vw, 750px\" \/>\t\t\t\t\t\t\t\t\t\t\t\t\t\t\t<\/div>\n\t\t\t\t<\/div>\n\t\t\t\t\t<\/div>\n\t\t<\/div>\n\t\t\t\t\t<\/div>\n\t\t<\/section>\n\t\t\t\t<section class=\"elementor-section elementor-top-section elementor-element elementor-element-04a9bdb elementor-section-boxed elementor-section-height-default elementor-section-height-default\" data-id=\"04a9bdb\" data-element_type=\"section\" data-e-type=\"section\">\n\t\t\t\t\t\t<div class=\"elementor-container elementor-column-gap-default\">\n\t\t\t\t\t<div class=\"elementor-column elementor-col-100 elementor-top-column elementor-element elementor-element-488c98a\" data-id=\"488c98a\" data-element_type=\"column\" data-e-type=\"column\">\n\t\t\t<div class=\"elementor-widget-wrap elementor-element-populated\">\n\t\t\t\t\t\t<div class=\"elementor-element elementor-element-2ab8883 elementor-widget elementor-widget-text-editor\" data-id=\"2ab8883\" data-element_type=\"widget\" data-e-type=\"widget\" data-widget_type=\"text-editor.default\">\n\t\t\t\t<div class=\"elementor-widget-container\">\n\t\t\t\t\t\t\t\t\t<p><strong>Trametsch GmbH<\/strong><\/p>\n<p>PLOSESTRASSE 37<br \/>39042\u00a0\u2013\u00a0Brixen<br \/>BZ, Italy<\/p>\n<p>VAT.Nr.: 03339540217<br \/>E-Mail:\u00a0<a href=\"mailto:info@trametsch.bz\">info@trametsch.bz<\/a><br \/>PEC:\u00a0<a href=\"mailto:trametschgmbh@pec.it\">trametschgmbh@pec.it<\/a><br \/>Phone: +39 0472 836 143<\/p>\n<p>Chamber of Commerce: Bolzano<br \/>Number in the register of companies: 03339540217<br \/>Recipient code: M5UXCR1<br \/>REA Nr.: BZ \u2013 251675<\/p>\n\t\t\t\t\t\t\t\t<\/div>\n\t\t\t\t<\/div>\n\t\t\t\t<div class=\"elementor-element elementor-element-3810cc7 elementor-widget elementor-widget-text-editor\" data-id=\"3810cc7\" data-element_type=\"widget\" data-e-type=\"widget\" data-widget_type=\"text-editor.default\">\n\t\t\t\t<div class=\"elementor-widget-container\">\n\t\t\t\t\t\t\t\t\t\u00a9Pizzeria Trametsch KG 2026\t\t\t\t\t\t\t\t<\/div>\n\t\t\t\t<\/div>\n\t\t\t\t<div class=\"elementor-element elementor-element-d8db00d elementor-widget elementor-widget-text-editor\" data-id=\"d8db00d\" data-element_type=\"widget\" data-e-type=\"widget\" data-widget_type=\"text-editor.default\">\n\t\t\t\t<div class=\"elementor-widget-container\">\n\t\t\t\t\t\t\t\t\t<h4>Copyright notice<\/h4>\n<p>The information provided on this website has been carefully checked and is regularly updated. No guarantee can be given that the information provided on this website is complete, correct or even up-to-date. Pizzeria Trametsch KG des Simeoni Philipp &amp; CO accepts no responsibility for the content of third-party comments or the content of third-party pages that can be accessed via links from the website. The provider of the respective website is liable for the content of the linked pages. All contributions found on this website are protected by copyright. All information available on the website is provided without guarantee of correctness. No liability is accepted for damages, this also applies to all websites to which reference is made by means of a link.<\/p>\n<p><strong>Image rights:<\/strong> Pizzeria Trametsch KG, Rotwild GmbH<\/p>\n\t\t\t\t\t\t\t\t<\/div>\n\t\t\t\t<\/div>\n\t\t\t\t<div class=\"elementor-element elementor-element-4c6d20e elementor-widget elementor-widget-heading\" data-id=\"4c6d20e\" data-element_type=\"widget\" data-e-type=\"widget\" data-widget_type=\"heading.default\">\n\t\t\t\t<div class=\"elementor-widget-container\">\n\t\t\t\t\t<h4 class=\"elementor-heading-title elementor-size-default\">Transparenz bez\u00fcglich \u00f6ffentliche Beitr\u00e4ge im Jahr 2020 (Gesetz Nr. 124\/2017)\u200b<\/h4>\t\t\t\t<\/div>\n\t\t\t\t<\/div>\n\t\t\t\t<div class=\"elementor-element elementor-element-365b1fd elementor-widget elementor-widget-text-editor\" data-id=\"365b1fd\" data-element_type=\"widget\" data-e-type=\"widget\" data-widget_type=\"text-editor.default\">\n\t\t\t\t<div class=\"elementor-widget-container\">\n\t\t\t\t\t\t\t\t\t<table>\r\n  <tr><th>Auszahlende K\u00f6rperschaft<\/th>\t<th>Steuernummer<\/th>\t<th>Betrag<\/th>\t<th>Datum Auszahlung<\/th>\t<th>Gesetzesbezug<\/th><\/tr>\r\n<tr><td>Autonome Provinz BZ<\/td> <td>390090215<\/td>\t<td>730,00<\/td>\t<td>12\/17\/2020<\/td>\t<td>Spesenrueckverguetung Bearbeitungsgeb. Darlehen Covid<\/td> <\/tr>\r\n<tr><td>Agentur der Einnahmen<\/td> \t<td>6363391001<\/td>\t<td>7.982,00<\/td>\t<td>11\/18\/2020<\/td>\t<td>Decreto Rilancio Art.25 DL 19\/05\/2020<\/td><\/tr>\r\n<tr><td>Agentur der Einnahmen<\/td> \t<td>6363391001<\/td>\t<td>15.964,00<\/td>\t<td>11\/26\/2020<\/td>\t<td>Decreto Ristori + Ristori bis Art.1 DL 28\/10\/2020 n. 137 e Art. 2 DL 09\/11\/2020 n. 149<\/td><\/tr>\r\n<tr><td>Autonome Provinz BZ<\/td>\t<td>390090215\t<\/td><td>1.134,00<\/td>\t<td>7\/7\/2020<\/td>\t<td>Beitrag Arbeitseingliederung<\/td> <\/tr>\r\n<tr><td>Gemeinde Brixen<\/td> \t<td>188450217<\/td>\t<td>2.455,17<\/td>\t<td>2020<\/td>\t<td>Reduzierung Gis 100% August-Dekret Gesetz 104<\/td>\r\n  <\/table>\t\t\t\t\t\t\t\t<\/div>\n\t\t\t\t<\/div>\n\t\t\t\t<div class=\"elementor-element elementor-element-3bda509 elementor-widget elementor-widget-heading\" data-id=\"3bda509\" data-element_type=\"widget\" data-e-type=\"widget\" data-widget_type=\"heading.default\">\n\t\t\t\t<div class=\"elementor-widget-container\">\n\t\t\t\t\t<h4 class=\"elementor-heading-title elementor-size-default\">Transparenz bez\u00fcglich \u00f6ffentliche Beitr\u00e4ge im Jahr 2021 (Gesetz Nr. 124\/2017)<\/h4>\t\t\t\t<\/div>\n\t\t\t\t<\/div>\n\t\t\t\t<div class=\"elementor-element elementor-element-41c5ea4 elementor-widget elementor-widget-text-editor\" data-id=\"41c5ea4\" data-element_type=\"widget\" data-e-type=\"widget\" data-widget_type=\"text-editor.default\">\n\t\t\t\t<div class=\"elementor-widget-container\">\n\t\t\t\t\t\t\t\t\t<table>\r\n  <tr><th>Auszahlende K\u00f6rperschaft<\/th>\t<th>Steuernummer<\/th>\t<th>Betrag<\/th>\t<th>Datum Auszahlung<\/th>\t<th>Gesetzesbezug<\/th><\/tr>\r\n<tr><td>Agentur der Einnahmen <\/td> <td>6363391001<\/td>\t<td>7.982,00<\/td>\t<td>1\/12\/2021<\/td>\t<td>Spesenrueckverguetung Bearbeitungsgeb. Darlehen Covid<\/td> <\/tr>\r\n<tr><td>Gemeinde Brixen<\/td> \t<td>188450217<\/td>\t<td>1.084,16<\/td>\t<td>2021<\/td>\t<td>Reduzierung Gis Landesgesetz Nr. 12<\/td><\/tr>\r\n<tr><td>Agentur der Einnahmen<\/td> \t<td>6363391001<\/td>\t<td>5.063,00<\/td>\t<td>12\/31\/2021<\/td>\t<td>Decreto Sostegni Bis Perequativo Art. 1 commi da 16 a 27 DL 25\/05\/2021 n. 73<\/td><\/tr>\r\n<tr><td>Agentur der Einnahmen<\/td> \t<td>6363391001<\/td>\t<td>9.000,00<\/td>\t<td>11\/19\/2021<\/td>\t<td>Ankauf landwirtschaftliche Produkte Art. 58 DL 14\/08\/2020 n. 104<\/td><\/tr>\r\n<tr><td>Autonome Provinz BZ<\/td>\t<td>390090215\t<\/td><td>2.178,00<\/td>\t<td>5\/6\/2021<\/td>\t<td>Beitrag Arbeitseingliederung <\/td> <\/tr>\r\n\r\n  <\/table>\t\t\t\t\t\t\t\t<\/div>\n\t\t\t\t<\/div>\n\t\t\t\t\t<\/div>\n\t\t<\/div>\n\t\t\t\t\t<\/div>\n\t\t<\/section>\n\t\t\t\t<\/div>\n\t\t","protected":false},"excerpt":{"rendered":"<p>Legal Notice Trametsch GmbH PLOSESTRASSE 3739042\u00a0\u2013\u00a0BrixenBZ, Italy VAT.Nr.: 03339540217E-Mail:\u00a0info@trametsch.bzPEC:\u00a0trametschgmbh@pec.itPhone: +39 0472 836 143 Chamber of Commerce: BolzanoNumber in the register of companies: 03339540217Recipient code: M5UXCR1REA Nr.: BZ \u2013 251675 Copyright notice The information provided on this website has been carefully checked and is regularly updated. No guarantee can be given that the information provided on [&hellip;]<\/p>\n","protected":false},"author":1,"featured_media":0,"parent":0,"menu_order":0,"comment_status":"closed","ping_status":"closed","template":"","meta":{"_acf_changed":false,"footnotes":""},"class_list":["post-1976","page","type-page","status-publish","hentry"],"acf":[],"yoast_head":"<!-- This site is optimized with the Yoast SEO plugin v27.2 - https:\/\/yoast.com\/product\/yoast-seo-wordpress\/ -->\n<title>Legal Notice - Trametsch<\/title>\n<meta name=\"robots\" content=\"noindex, follow\" \/>\n<meta property=\"og:locale\" content=\"en_US\" \/>\n<meta property=\"og:type\" content=\"article\" \/>\n<meta property=\"og:title\" content=\"Legal Notice - Trametsch\" \/>\n<meta property=\"og:description\" content=\"Legal Notice Trametsch GmbH PLOSESTRASSE 3739042\u00a0\u2013\u00a0BrixenBZ, Italy VAT.Nr.: 03339540217E-Mail:\u00a0info@trametsch.bzPEC:\u00a0trametschgmbh@pec.itPhone: +39 0472 836 143 Chamber of Commerce: BolzanoNumber in the register of companies: 03339540217Recipient code: M5UXCR1REA Nr.: BZ \u2013 251675 Copyright notice The information provided on this website has been carefully checked and is regularly updated. No guarantee can be given that the information provided on [&hellip;]\" \/>\n<meta property=\"og:url\" content=\"https:\/\/trametsch.bz\/en\/legal-notice\/\" \/>\n<meta property=\"og:site_name\" content=\"Trametsch\" \/>\n<meta property=\"article:publisher\" content=\"https:\/\/www.facebook.com\/trametsch\" \/>\n<meta property=\"article:modified_time\" content=\"2026-04-01T16:34:33+00:00\" \/>\n<meta name=\"twitter:card\" content=\"summary_large_image\" \/>\n<meta name=\"twitter:label1\" content=\"Est. reading time\" \/>\n\t<meta name=\"twitter:data1\" content=\"1 minute\" \/>\n<script type=\"application\/ld+json\" class=\"yoast-schema-graph\">{\"@context\":\"https:\/\/schema.org\",\"@graph\":[{\"@type\":\"WebPage\",\"@id\":\"https:\/\/trametsch.bz\/en\/legal-notice\/\",\"url\":\"https:\/\/trametsch.bz\/en\/legal-notice\/\",\"name\":\"Legal Notice - Trametsch\",\"isPartOf\":{\"@id\":\"https:\/\/trametsch.bz\/en\/#website\"},\"datePublished\":\"2023-01-19T17:09:35+00:00\",\"dateModified\":\"2026-04-01T16:34:33+00:00\",\"breadcrumb\":{\"@id\":\"https:\/\/trametsch.bz\/en\/legal-notice\/#breadcrumb\"},\"inLanguage\":\"en-US\",\"potentialAction\":[{\"@type\":\"ReadAction\",\"target\":[\"https:\/\/trametsch.bz\/en\/legal-notice\/\"]}]},{\"@type\":\"BreadcrumbList\",\"@id\":\"https:\/\/trametsch.bz\/en\/legal-notice\/#breadcrumb\",\"itemListElement\":[{\"@type\":\"ListItem\",\"position\":1,\"name\":\"Startseite\",\"item\":\"https:\/\/trametsch.bz\/en\/\"},{\"@type\":\"ListItem\",\"position\":2,\"name\":\"Legal Notice\"}]},{\"@type\":\"WebSite\",\"@id\":\"https:\/\/trametsch.bz\/en\/#website\",\"url\":\"https:\/\/trametsch.bz\/en\/\",\"name\":\"Trametsch\",\"description\":\"\",\"publisher\":{\"@id\":\"https:\/\/trametsch.bz\/en\/#organization\"},\"potentialAction\":[{\"@type\":\"SearchAction\",\"target\":{\"@type\":\"EntryPoint\",\"urlTemplate\":\"https:\/\/trametsch.bz\/en\/?s={search_term_string}\"},\"query-input\":{\"@type\":\"PropertyValueSpecification\",\"valueRequired\":true,\"valueName\":\"search_term_string\"}}],\"inLanguage\":\"en-US\"},{\"@type\":\"Organization\",\"@id\":\"https:\/\/trametsch.bz\/en\/#organization\",\"name\":\"Pizzeria Restaurant Trametsch\",\"alternateName\":\"Trametsch\",\"url\":\"https:\/\/trametsch.bz\/en\/\",\"logo\":{\"@type\":\"ImageObject\",\"inLanguage\":\"en-US\",\"@id\":\"https:\/\/trametsch.bz\/en\/#\/schema\/logo\/image\/\",\"url\":\"https:\/\/trametsch.bz\/wp-content\/uploads\/2023\/01\/Trametsch-logo-white.svg\",\"contentUrl\":\"https:\/\/trametsch.bz\/wp-content\/uploads\/2023\/01\/Trametsch-logo-white.svg\",\"width\":255,\"height\":150,\"caption\":\"Pizzeria Restaurant Trametsch\"},\"image\":{\"@id\":\"https:\/\/trametsch.bz\/en\/#\/schema\/logo\/image\/\"},\"sameAs\":[\"https:\/\/www.facebook.com\/trametsch\",\"https:\/\/www.instagram.com\/pizzeria_trametsch\/\"]}]}<\/script>\n<!-- \/ Yoast SEO plugin. -->","yoast_head_json":{"title":"Legal Notice - Trametsch","robots":{"index":"noindex","follow":"follow"},"og_locale":"en_US","og_type":"article","og_title":"Legal Notice - Trametsch","og_description":"Legal Notice Trametsch GmbH PLOSESTRASSE 3739042\u00a0\u2013\u00a0BrixenBZ, Italy VAT.Nr.: 03339540217E-Mail:\u00a0info@trametsch.bzPEC:\u00a0trametschgmbh@pec.itPhone: +39 0472 836 143 Chamber of Commerce: BolzanoNumber in the register of companies: 03339540217Recipient code: M5UXCR1REA Nr.: BZ \u2013 251675 Copyright notice The information provided on this website has been carefully checked and is regularly updated. No guarantee can be given that the information provided on [&hellip;]","og_url":"https:\/\/trametsch.bz\/en\/legal-notice\/","og_site_name":"Trametsch","article_publisher":"https:\/\/www.facebook.com\/trametsch","article_modified_time":"2026-04-01T16:34:33+00:00","twitter_card":"summary_large_image","twitter_misc":{"Est. reading time":"1 minute"},"schema":{"@context":"https:\/\/schema.org","@graph":[{"@type":"WebPage","@id":"https:\/\/trametsch.bz\/en\/legal-notice\/","url":"https:\/\/trametsch.bz\/en\/legal-notice\/","name":"Legal Notice - Trametsch","isPartOf":{"@id":"https:\/\/trametsch.bz\/en\/#website"},"datePublished":"2023-01-19T17:09:35+00:00","dateModified":"2026-04-01T16:34:33+00:00","breadcrumb":{"@id":"https:\/\/trametsch.bz\/en\/legal-notice\/#breadcrumb"},"inLanguage":"en-US","potentialAction":[{"@type":"ReadAction","target":["https:\/\/trametsch.bz\/en\/legal-notice\/"]}]},{"@type":"BreadcrumbList","@id":"https:\/\/trametsch.bz\/en\/legal-notice\/#breadcrumb","itemListElement":[{"@type":"ListItem","position":1,"name":"Startseite","item":"https:\/\/trametsch.bz\/en\/"},{"@type":"ListItem","position":2,"name":"Legal Notice"}]},{"@type":"WebSite","@id":"https:\/\/trametsch.bz\/en\/#website","url":"https:\/\/trametsch.bz\/en\/","name":"Trametsch","description":"","publisher":{"@id":"https:\/\/trametsch.bz\/en\/#organization"},"potentialAction":[{"@type":"SearchAction","target":{"@type":"EntryPoint","urlTemplate":"https:\/\/trametsch.bz\/en\/?s={search_term_string}"},"query-input":{"@type":"PropertyValueSpecification","valueRequired":true,"valueName":"search_term_string"}}],"inLanguage":"en-US"},{"@type":"Organization","@id":"https:\/\/trametsch.bz\/en\/#organization","name":"Pizzeria Restaurant Trametsch","alternateName":"Trametsch","url":"https:\/\/trametsch.bz\/en\/","logo":{"@type":"ImageObject","inLanguage":"en-US","@id":"https:\/\/trametsch.bz\/en\/#\/schema\/logo\/image\/","url":"https:\/\/trametsch.bz\/wp-content\/uploads\/2023\/01\/Trametsch-logo-white.svg","contentUrl":"https:\/\/trametsch.bz\/wp-content\/uploads\/2023\/01\/Trametsch-logo-white.svg","width":255,"height":150,"caption":"Pizzeria Restaurant Trametsch"},"image":{"@id":"https:\/\/trametsch.bz\/en\/#\/schema\/logo\/image\/"},"sameAs":["https:\/\/www.facebook.com\/trametsch","https:\/\/www.instagram.com\/pizzeria_trametsch\/"]}]}},"_links":{"self":[{"href":"https:\/\/trametsch.bz\/en\/wp-json\/wp\/v2\/pages\/1976","targetHints":{"allow":["GET"]}}],"collection":[{"href":"https:\/\/trametsch.bz\/en\/wp-json\/wp\/v2\/pages"}],"about":[{"href":"https:\/\/trametsch.bz\/en\/wp-json\/wp\/v2\/types\/page"}],"author":[{"embeddable":true,"href":"https:\/\/trametsch.bz\/en\/wp-json\/wp\/v2\/users\/1"}],"replies":[{"embeddable":true,"href":"https:\/\/trametsch.bz\/en\/wp-json\/wp\/v2\/comments?post=1976"}],"version-history":[{"count":2,"href":"https:\/\/trametsch.bz\/en\/wp-json\/wp\/v2\/pages\/1976\/revisions"}],"predecessor-version":[{"id":4981,"href":"https:\/\/trametsch.bz\/en\/wp-json\/wp\/v2\/pages\/1976\/revisions\/4981"}],"wp:attachment":[{"href":"https:\/\/trametsch.bz\/en\/wp-json\/wp\/v2\/media?parent=1976"}],"curies":[{"name":"wp","href":"https:\/\/api.w.org\/{rel}","templated":true}]}}